{"id":708,"date":"2021-12-06T10:09:49","date_gmt":"2021-12-06T09:09:49","guid":{"rendered":"https:\/\/jobs.solid.lu\/?page_id=708"},"modified":"2024-07-01T17:17:18","modified_gmt":"2024-07-01T15:17:18","slug":"candidature","status":"publish","type":"page","link":"https:\/\/jobs.solid.lu\/fr\/candidature\/","title":{"rendered":"Candidature"},"content":{"rendered":"\n<style type=\"text\/css\" data-created_by=\"avia_inline_auto\" id=\"style-css-av-kwnpdmwp-3c5d95c0e8aac1c90cdeb2691da778bb\">\n.avia-section.av-kwnpdmwp-3c5d95c0e8aac1c90cdeb2691da778bb{\nbackground-repeat:no-repeat;\nbackground-image:url(https:\/\/jobs.solid.lu\/wp-content\/uploads\/2021\/12\/SOLID-Cosmolux-Echternach-53.jpg);\nbackground-position:0% 100%;\nbackground-attachment:scroll;\n}\n.avia-section.av-kwnpdmwp-3c5d95c0e8aac1c90cdeb2691da778bb .av-section-color-overlay{\nopacity:0.1;\nbackground-color:#000000;\n}\n<\/style>\n<div id='av_section_1'  class='avia-section av-kwnpdmwp-3c5d95c0e8aac1c90cdeb2691da778bb footer_color avia-section-no-padding avia-no-border-styling  avia-builder-el-0  el_before_av_section  avia-builder-el-first  avia-full-stretch avia-bg-style-scroll av-section-color-overlay-active av-minimum-height av-minimum-height-100 av-height-100  container_wrap fullsize'  data-section-bg-repeat='stretch' data-av_minimum_height_pc='100' data-av_min_height_opt='100'><div class=\"av-section-color-overlay-wrap\"><div class=\"av-section-color-overlay\"><\/div><div class='container av-section-cont-open' ><main  role=\"main\" itemprop=\"mainContentOfPage\"  class='template-page content  av-content-full alpha units'><div class='post-entry post-entry-type-page post-entry-708'><div class='entry-content-wrapper clearfix'>\n\n<style type=\"text\/css\" data-created_by=\"avia_inline_auto\" id=\"style-css-av-1bls99-1a4ff6449d2126d04cba2934d60a350c\">\n.flex_column.av-1bls99-1a4ff6449d2126d04cba2934d60a350c{\nborder-radius:0px 0px 0px 0px;\npadding:0px 0px 0px 0px;\n}\n<\/style>\n<div  class='flex_column av-1bls99-1a4ff6449d2126d04cba2934d60a350c av_one_half  avia-builder-el-1  el_before_av_one_half  avia-builder-el-first  first flex_column_div av-zero-column-padding  '     ><\/div>\n<style type=\"text\/css\" data-created_by=\"avia_inline_auto\" id=\"style-css-av-3s03p-dfe3a1c1e6a88cb2aab13fec6bdcf3cc\">\n.flex_column.av-3s03p-dfe3a1c1e6a88cb2aab13fec6bdcf3cc{\nborder-radius:0px 0px 0px 0px;\npadding:0px 0px 0px 0px;\n}\n<\/style>\n<div  class='flex_column av-3s03p-dfe3a1c1e6a88cb2aab13fec6bdcf3cc av_one_half  avia-builder-el-2  el_after_av_one_half  avia-builder-el-last  flex_column_div av-zero-column-padding  '     ><p>\n<style type=\"text\/css\" data-created_by=\"avia_inline_auto\" id=\"style-css-av-ymas5-53ab0cc0ce329db76afa92f12ed7935f\">\n#top .hr.hr-invisible.av-ymas5-53ab0cc0ce329db76afa92f12ed7935f{\nheight:50px;\n}\n<\/style>\n<div  class='hr av-ymas5-53ab0cc0ce329db76afa92f12ed7935f hr-invisible  avia-builder-el-3  el_before_av_textblock  avia-builder-el-first '><span class='hr-inner '><span class=\"hr-inner-style\"><\/span><\/span><\/div><br \/>\n<section  class='av_textblock_section av-kwnpbs42-d72d04af6a902a417717ef74f32ec02a '   itemscope=\"itemscope\" itemtype=\"https:\/\/schema.org\/CreativeWork\" ><div class='avia_textblock'  itemprop=\"text\" ><h2>Candidature<\/h2>\n<\/div><\/section><br \/>\n\n<style type=\"text\/css\" data-created_by=\"avia_inline_auto\" id=\"style-css-av-qscbh-4814b6254ee39a78b5e8f78836f260a9\">\n#top .hr.hr-invisible.av-qscbh-4814b6254ee39a78b5e8f78836f260a9{\nheight:50px;\n}\n<\/style>\n<div  class='hr av-qscbh-4814b6254ee39a78b5e8f78836f260a9 hr-invisible  avia-builder-el-5  el_after_av_textblock  el_before_av_textblock '><span class='hr-inner '><span class=\"hr-inner-style\"><\/span><\/span><\/div><br \/>\n<section  class='av_textblock_section av-a2urp-31571770ada51054d7c2f550e965497f '   itemscope=\"itemscope\" itemtype=\"https:\/\/schema.org\/CreativeWork\" ><div class='avia_textblock'  itemprop=\"text\" ><h3>Ton nouveau job est chez nous.<\/h3>\n<\/div><\/section><br \/>\n\n<style type=\"text\/css\" data-created_by=\"avia_inline_auto\" id=\"style-css-av-dqgf9-b130eaa422ad2a5ff472828423fbaba6\">\n#top .hr.hr-invisible.av-dqgf9-b130eaa422ad2a5ff472828423fbaba6{\nheight:50px;\n}\n<\/style>\n<div  class='hr av-dqgf9-b130eaa422ad2a5ff472828423fbaba6 hr-invisible  avia-builder-el-7  el_after_av_textblock  el_before_av_button '><span class='hr-inner '><span class=\"hr-inner-style\"><\/span><\/span><\/div><br \/>\n<div  class='avia-button-wrap av-a3cil-be8a5ebcd2a920ea9010124991b0d192-wrap avia-button-left  avia-builder-el-8  el_after_av_hr  avia-builder-el-last '><a href='#mehr'  class='avia-button av-a3cil-be8a5ebcd2a920ea9010124991b0d192 av-link-btn avia-icon_select-no avia-size-large avia-position-left avia-color-light'  ><span class='avia_iconbox_title' >en savoir plus <\/span><\/a><\/div><\/p><\/div><\/div><\/div><\/main><!-- close content main element --><\/div><\/div><\/div><div id='mehr'  class='avia-section av-kwnpefyw-8516c241d41fd32aa7f957875712df3a main_color avia-section-default avia-no-border-styling  avia-builder-el-9  el_after_av_section  avia-builder-el-last  avia-bg-style-scroll container_wrap fullsize'  ><div class='container av-section-cont-open' ><div class='template-page content  av-content-full alpha units'><div class='post-entry post-entry-type-page post-entry-708'><div class='entry-content-wrapper clearfix'>\n\n<style type=\"text\/css\" data-created_by=\"avia_inline_auto\" id=\"style-css-av-ffwm5-ff724e186e03bcc4e005969565a801df\">\n.flex_column.av-ffwm5-ff724e186e03bcc4e005969565a801df{\nborder-radius:0px 0px 0px 0px;\npadding:0px 0px 0px 0px;\n}\n<\/style>\n<div  class='flex_column av-ffwm5-ff724e186e03bcc4e005969565a801df av_one_fifth  avia-builder-el-10  el_before_av_three_fifth  avia-builder-el-first  first flex_column_div av-zero-column-padding  '     ><\/div>\n<style type=\"text\/css\" data-created_by=\"avia_inline_auto\" id=\"style-css-av-6vtkd-e9fed11dc03688c5c2f7a3679af9f25d\">\n.flex_column.av-6vtkd-e9fed11dc03688c5c2f7a3679af9f25d{\nborder-radius:0px 0px 0px 0px;\npadding:0px 0px 0px 0px;\n}\n<\/style>\n<div  class='flex_column av-6vtkd-e9fed11dc03688c5c2f7a3679af9f25d av_three_fifth  avia-builder-el-11  el_after_av_one_fifth  avia-builder-el-last  flex_column_div av-zero-column-padding  '     ><p>\n<style type=\"text\/css\" data-created_by=\"avia_inline_auto\" id=\"style-css-av-kwnpjmli-56108901ebdfd14616044f05220fd2ae\">\n#top .hr.hr-invisible.av-kwnpjmli-56108901ebdfd14616044f05220fd2ae{\nheight:50px;\n}\n<\/style>\n<div  class='hr av-kwnpjmli-56108901ebdfd14616044f05220fd2ae hr-invisible  avia-builder-el-12  el_before_av_textblock  avia-builder-el-first '><span class='hr-inner '><span class=\"hr-inner-style\"><\/span><\/span><\/div><br \/>\n<section  class='av_textblock_section av-jpovp-6d5bfda1a00cf1500834312ede3157c5 '   itemscope=\"itemscope\" itemtype=\"https:\/\/schema.org\/CreativeWork\" ><div class='avia_textblock'  itemprop=\"text\" ><h3>Aide-nous \u00e0 en savoir plus sur toi et nous te contacterons !<\/h3>\n<\/div><\/section><br \/>\n\n<style type=\"text\/css\" data-created_by=\"avia_inline_auto\" id=\"style-css-av-9alsl-61bb251cda16673fc28d6f62b22499d6\">\n#top .hr.hr-invisible.av-9alsl-61bb251cda16673fc28d6f62b22499d6{\nheight:50px;\n}\n<\/style>\n<div  class='hr av-9alsl-61bb251cda16673fc28d6f62b22499d6 hr-invisible  avia-builder-el-14  el_after_av_textblock  el_before_av_contact '><span class='hr-inner '><span class=\"hr-inner-style\"><\/span><\/span><\/div><br \/>\n<form action=\"https:\/\/jobs.solid.lu\/fr\/candidature\/\" method=\"post\" data-fields-with-error=\"Erreurs trouv\u00e9es dans les champs suivants :\" class=\"avia_ajax_form av-form-labels-hidden   avia-builder-el-15  el_after_av_hr  avia-builder-el-last   \" data-avia-form-id=\"1\" data-avia-redirect='' ><fieldset><p class='  first_form  form_element form_element_third' id='element_avia_1_1'><label for=\"avia_1_1\">Nom <abbr class=\"required\" title=\"requis(e)\">*<\/abbr><\/label> <input name=\"avia_1_1\" class=\"text_input is_empty\" type=\"text\" id=\"avia_1_1\" value=\"\"  placeholder='Nom*'\/><\/p><p class='  form_element form_element_third' id='element_avia_2_1'><label for=\"avia_2_1\">Pr\u00e9nom <abbr class=\"required\" title=\"requis(e)\">*<\/abbr><\/label> <input name=\"avia_2_1\" class=\"text_input is_empty\" type=\"text\" id=\"avia_2_1\" value=\"\"  placeholder='Pr\u00e9nom*'\/><\/p><p class='  form_element form_element_third' id='element_avia_3_1'><label for=\"avia_3_1\">\u00c2ge <abbr class=\"required\" title=\"requis(e)\">*<\/abbr><\/label> <input name=\"avia_3_1\" class=\"text_input is_empty\" type=\"text\" id=\"avia_3_1\" value=\"\"  placeholder='\u00c2ge*'\/><\/p><p class='  first_form  form_element form_element_half' id='element_avia_4_1'><label for=\"avia_4_1\">Adresse e-mail <abbr class=\"required\" title=\"requis(e)\">*<\/abbr><\/label> <input name=\"avia_4_1\" class=\"text_input is_email\" type=\"text\" id=\"avia_4_1\" value=\"\"  placeholder='Adresse e-mail*'\/><\/p><p class='  form_element form_element_half' id='element_avia_5_1'><label for=\"avia_5_1\">Num\u00e9ro de t\u00e9l\u00e9phone <abbr class=\"required\" title=\"requis(e)\">*<\/abbr><\/label> <input name=\"avia_5_1\" class=\"text_input is_phone\" type=\"text\" id=\"avia_5_1\" value=\"\"  placeholder='Num\u00e9ro de t\u00e9l\u00e9phone*'\/><\/p><p class='  first_form  form_element form_element_half' id='element_avia_6_1'><label for=\"avia_6_1\">Domicile <abbr class=\"required\" title=\"requis(e)\">*<\/abbr><\/label> <input name=\"avia_6_1\" class=\"text_input is_empty\" type=\"text\" id=\"avia_6_1\" value=\"\"  placeholder='Domicile*'\/><\/p><p class='  form_element form_element_half' id='element_avia_7_1'><label for=\"avia_7_1\">Poste vis\u00e9 <abbr class=\"required\" title=\"requis(e)\">*<\/abbr><\/label> <input name=\"avia_7_1\" class=\"text_input is_empty\" type=\"text\" id=\"avia_7_1\" value=\"\"  placeholder='Poste vis\u00e9*'\/><\/p><p class='  first_form  form_element form_element_half' id='element_avia_8_1'><label for=\"avia_8_1\" class=\"textare_label hidden textare_label_avia_8_1\">Formation\/ connaissances sp\u00e9cialis\u00e9es\/ \u00e9tudes etc. <abbr class=\"required\" title=\"requis(e)\">*<\/abbr><\/label><textarea  placeholder='Formation\/ connaissances sp\u00e9cialis\u00e9es\/ \u00e9tudes etc.*' name=\"avia_8_1\" class=\"text_area is_empty\" cols=\"40\" rows=\"7\" id=\"avia_8_1\" ><\/textarea><\/p><p class='  form_element form_element_half' id='element_avia_9_1'><label for=\"avia_9_1\" class=\"textare_label hidden textare_label_avia_9_1\">Ton parcours professionnel <abbr class=\"required\" title=\"requis(e)\">*<\/abbr><\/label><textarea  placeholder='Ton parcours professionnel*' name=\"avia_9_1\" class=\"text_area is_empty\" cols=\"40\" rows=\"7\" id=\"avia_9_1\" ><\/textarea><\/p><p class='  first_form  form_element form_element_half' id='element_avia_10_1'><label for=\"avia_10_1\">Quelles langues parles tu ? <abbr class=\"required\" title=\"requis(e)\">*<\/abbr><\/label> <input name=\"avia_10_1\" class=\"text_input is_empty\" type=\"text\" id=\"avia_10_1\" value=\"\"  placeholder='Quelles langues parles tu ?*'\/><\/p><p class='  form_element form_element_half' id='element_avia_11_1'><label for=\"avia_11_1\">Quand et comment veux tu \u00eatre contact\u00e9 ? <abbr class=\"required\" title=\"requis(e)\">*<\/abbr><\/label> <input name=\"avia_11_1\" class=\"text_input is_empty\" type=\"text\" id=\"avia_11_1\" value=\"\"  placeholder='Quand et comment veux tu \u00eatre contact\u00e9 ?*'\/><\/p><p class=\"hidden\"><input type=\"text\" name=\"avia_12_1\" class=\"hidden \" id=\"avia_12_1\" value=\"\" \/><\/p><p class='   form_element form_fullwidth' id='element_avia_13_1'><span class='value_verifier_label'>2 + 5 = ?<\/span><input name=\"avia_13_1_verifier\" type=\"hidden\" id=\"avia_13_1_verifier\" value=\"777347241\"\/><label for=\"avia_13_1\">Merci de prouver que vous \u00eates un humain en donnant le r\u00e9sultat de cette op\u00e9ration <abbr class=\"required\" title=\"requis(e)\">*<\/abbr><\/label><input name=\"avia_13_1\" class=\"text_input captcha\" type=\"text\" id=\"avia_13_1\" value=\"\"\/><\/p><p class=\"form_element \"><input type=\"hidden\" value=\"1\" name=\"avia_generated_form1\" \/><input type=\"submit\" value=\"Envoyer\" class=\"button\"  data-sending-label=\"Envoi\"\/><\/p><\/fieldset><\/form><div id=\"ajaxresponse_1\" class=\"ajaxresponse ajaxresponse_1 hidden\"><\/div><\/p><\/div><\/p>\n","protected":false},"excerpt":{"rendered":"","protected":false},"author":1,"featured_media":0,"parent":0,"menu_order":0,"comment_status":"closed","ping_status":"closed","template":"","meta":{"footnotes":""},"class_list":["post-708","page","type-page","status-publish","hentry"],"_links":{"self":[{"href":"https:\/\/jobs.solid.lu\/fr\/wp-json\/wp\/v2\/pages\/708","targetHints":{"allow":["GET"]}}],"collection":[{"href":"https:\/\/jobs.solid.lu\/fr\/wp-json\/wp\/v2\/pages"}],"about":[{"href":"https:\/\/jobs.solid.lu\/fr\/wp-json\/wp\/v2\/types\/page"}],"author":[{"embeddable":true,"href":"https:\/\/jobs.solid.lu\/fr\/wp-json\/wp\/v2\/users\/1"}],"replies":[{"embeddable":true,"href":"https:\/\/jobs.solid.lu\/fr\/wp-json\/wp\/v2\/comments?post=708"}],"version-history":[{"count":9,"href":"https:\/\/jobs.solid.lu\/fr\/wp-json\/wp\/v2\/pages\/708\/revisions"}],"predecessor-version":[{"id":2779,"href":"https:\/\/jobs.solid.lu\/fr\/wp-json\/wp\/v2\/pages\/708\/revisions\/2779"}],"wp:attachment":[{"href":"https:\/\/jobs.solid.lu\/fr\/wp-json\/wp\/v2\/media?parent=708"}],"curies":[{"name":"wp","href":"https:\/\/api.w.org\/{rel}","templated":true}]}}